{"id":8,"date":"2026-05-15T17:23:57","date_gmt":"2026-05-15T17:23:57","guid":{"rendered":"https:\/\/lx5.pt\/?page_id=8"},"modified":"2026-05-15T18:10:12","modified_gmt":"2026-05-15T18:10:12","slug":"coming-soon","status":"publish","type":"page","link":"https:\/\/lx5.pt\/","title":{"rendered":"Coming Soon"},"content":{"rendered":"\t\t<div data-elementor-type=\"wp-page\" data-elementor-id=\"8\" class=\"elementor elementor-8\" data-elementor-post-type=\"page\">\n\t\t\t\t<div class=\"elementor-element elementor-element-effabee e-con-full e-flex e-con e-parent\" data-id=\"effabee\" data-element_type=\"container\" data-e-type=\"container\" data-settings=\"{&quot;background_background&quot;:&quot;classic&quot;}\">\n\t\t\t\t<div class=\"elementor-element elementor-element-d176410 elementor-invisible elementor-widget elementor-widget-image\" data-id=\"d176410\" data-element_type=\"widget\" data-e-type=\"widget\" data-settings=\"{&quot;_animation&quot;:&quot;zoomIn&quot;}\" data-widget_type=\"image.default\">\n\t\t\t\t\t\t\t\t\t\t\t\t\t\t\t<img fetchpriority=\"high\" decoding=\"async\" width=\"2560\" height=\"1146\" src=\"https:\/\/lx5.pt\/wp-content\/uploads\/2026\/05\/LX5-scaled.png\" class=\"attachment-full size-full wp-image-22\" alt=\"\" srcset=\"https:\/\/lx5.pt\/wp-content\/uploads\/2026\/05\/LX5-scaled.png 2560w, https:\/\/lx5.pt\/wp-content\/uploads\/2026\/05\/LX5-300x134.png 300w, https:\/\/lx5.pt\/wp-content\/uploads\/2026\/05\/LX5-1024x458.png 1024w, https:\/\/lx5.pt\/wp-content\/uploads\/2026\/05\/LX5-768x344.png 768w, https:\/\/lx5.pt\/wp-content\/uploads\/2026\/05\/LX5-1536x688.png 1536w, https:\/\/lx5.pt\/wp-content\/uploads\/2026\/05\/LX5-2048x917.png 2048w\" sizes=\"(max-width: 2560px) 100vw, 2560px\" \/>\t\t\t\t\t\t\t\t\t\t\t\t\t\t\t<\/div>\n\t\t\t\t\t\t\t<h2 \n\t\tdata-interaction-id=\"1986df2\" \n\t\tclass=\"e-1986df2-48cc34f e-heading-base\" \n\t\t \n\t\tdata-e-type=\"widget\" data-id=\"1986df2\"\n\t>\n\t\n\t\t\tEM CONSTRU\u00c7\u00c3O\n\t\t<\/h2>\n\t\t\t\t\t\t\t<h2 \n\t\tdata-interaction-id=\"d979c68\" \n\t\tclass=\"e-d979c68-341d826 e-heading-base\" \n\t\t \n\t\tdata-e-type=\"widget\" data-id=\"d979c68\"\n\t>\n\t\n\t\t\tDesculpa o transtorno. Mas a verdade \u00e9 que estamos sempre a construir.&nbsp; Em breve, vais poder conhecer o novo site da LX5 e explorar a nossa forma de construir neg\u00f3cios no imobili\u00e1rio em Portugal e no Brasil.\n\t\t<\/h2>\n\t\t\t\t<div class=\"elementor-element elementor-element-1d70f11 elementor-countdown--label-block elementor-widget elementor-widget-countdown\" data-id=\"1d70f11\" data-element_type=\"widget\" data-e-type=\"widget\" data-widget_type=\"countdown.default\">\n\t\t\t\t\t\t\t<div class=\"elementor-countdown-wrapper\" data-date=\"1779472200\">\n\t\t\t<div class=\"elementor-countdown-item\"><span class=\"elementor-countdown-digits elementor-countdown-days\"><\/span> <span class=\"elementor-countdown-label\">DIAS<\/span><\/div><div class=\"elementor-countdown-item\"><span class=\"elementor-countdown-digits elementor-countdown-hours\"><\/span> <span class=\"elementor-countdown-label\">HORAS<\/span><\/div><div class=\"elementor-countdown-item\"><span class=\"elementor-countdown-digits elementor-countdown-minutes\"><\/span> <span class=\"elementor-countdown-label\">MIN<\/span><\/div><div class=\"elementor-countdown-item\"><span class=\"elementor-countdown-digits elementor-countdown-seconds\"><\/span> <span class=\"elementor-countdown-label\">SEG<\/span><\/div>\t\t<\/div>\n\t\t\t\t\t\t<\/div>\n\t\t\t\t<\/div>\n\t\t\t\t<\/div>\n\t\t","protected":false},"excerpt":{"rendered":"<p>EM CONSTRU\u00c7\u00c3O Desculpa o transtorno. Mas a verdade \u00e9 que estamos sempre a construir.&nbsp; Em breve, vais poder conhecer o novo site da LX5 e explorar a nossa forma de construir neg\u00f3cios no imobili\u00e1rio em Portugal e no Brasil. DIAS HORAS MIN SEG<\/p>\n","protected":false},"author":1,"featured_media":0,"parent":0,"menu_order":0,"comment_status":"closed","ping_status":"closed","template":"elementor_canvas","meta":{"footnotes":""},"class_list":["post-8","page","type-page","status-publish","hentry"],"_links":{"self":[{"href":"https:\/\/lx5.pt\/index.php\/wp-json\/wp\/v2\/pages\/8","targetHints":{"allow":["GET"]}}],"collection":[{"href":"https:\/\/lx5.pt\/index.php\/wp-json\/wp\/v2\/pages"}],"about":[{"href":"https:\/\/lx5.pt\/index.php\/wp-json\/wp\/v2\/types\/page"}],"author":[{"embeddable":true,"href":"https:\/\/lx5.pt\/index.php\/wp-json\/wp\/v2\/users\/1"}],"replies":[{"embeddable":true,"href":"https:\/\/lx5.pt\/index.php\/wp-json\/wp\/v2\/comments?post=8"}],"version-history":[{"count":34,"href":"https:\/\/lx5.pt\/index.php\/wp-json\/wp\/v2\/pages\/8\/revisions"}],"predecessor-version":[{"id":53,"href":"https:\/\/lx5.pt\/index.php\/wp-json\/wp\/v2\/pages\/8\/revisions\/53"}],"wp:attachment":[{"href":"https:\/\/lx5.pt\/index.php\/wp-json\/wp\/v2\/media?parent=8"}],"curies":[{"name":"wp","href":"https:\/\/api.w.org\/{rel}","templated":true}]}}